{"id":929,"date":"2021-04-29T22:34:12","date_gmt":"2021-04-29T22:34:12","guid":{"rendered":"https:\/\/smatterconsulting.ch\/?page_id=929"},"modified":"2021-04-29T22:34:21","modified_gmt":"2021-04-29T22:34:21","slug":"consulting","status":"publish","type":"page","link":"https:\/\/smatterconsulting.ch\/fr\/consulting\/","title":{"rendered":"Consulting"},"content":{"rendered":"\n<p>Nous fournissons des conseils complets pour les op\u00e9rations \u00e0 haut risque, telles que les vols au-dessus de foules, ainsi que pour la protection de sites sensibles, en suivant le processus d&#8217;approbation avec les autorit\u00e9s et la mise en \u0153uvre. Nos experts fournissent \u00e9galement des conseils et un soutien technique et juridique au client en mati\u00e8re de construction, garantissant une analyse pr\u00e9cise des op\u00e9rations et un avis comp\u00e9tent.<\/p>\n","protected":false},"excerpt":{"rendered":"<p>Nous fournissons des conseils complets pour les op\u00e9rations \u00e0 haut risque, telles que les vols au-dessus de foules, ainsi que pour la protection de sites sensibles, en suivant le processus &#8230;<\/p>\n","protected":false},"author":1,"featured_media":0,"parent":0,"menu_order":0,"comment_status":"closed","ping_status":"closed","template":"","meta":{"footnotes":""},"class_list":["post-929","page","type-page","status-publish","hentry"],"jetpack_sharing_enabled":true,"_links":{"self":[{"href":"https:\/\/smatterconsulting.ch\/fr\/wp-json\/wp\/v2\/pages\/929","targetHints":{"allow":["GET"]}}],"collection":[{"href":"https:\/\/smatterconsulting.ch\/fr\/wp-json\/wp\/v2\/pages"}],"about":[{"href":"https:\/\/smatterconsulting.ch\/fr\/wp-json\/wp\/v2\/types\/page"}],"author":[{"embeddable":true,"href":"https:\/\/smatterconsulting.ch\/fr\/wp-json\/wp\/v2\/users\/1"}],"replies":[{"embeddable":true,"href":"https:\/\/smatterconsulting.ch\/fr\/wp-json\/wp\/v2\/comments?post=929"}],"version-history":[{"count":1,"href":"https:\/\/smatterconsulting.ch\/fr\/wp-json\/wp\/v2\/pages\/929\/revisions"}],"predecessor-version":[{"id":934,"href":"https:\/\/smatterconsulting.ch\/fr\/wp-json\/wp\/v2\/pages\/929\/revisions\/934"}],"wp:attachment":[{"href":"https:\/\/smatterconsulting.ch\/fr\/wp-json\/wp\/v2\/media?parent=929"}],"curies":[{"name":"wp","href":"https:\/\/api.w.org\/{rel}","templated":true}]}}