{"id":923,"date":"2021-04-29T22:33:16","date_gmt":"2021-04-29T22:33:16","guid":{"rendered":"https:\/\/smatterconsulting.ch\/?page_id=923"},"modified":"2021-04-29T22:33:26","modified_gmt":"2021-04-29T22:33:26","slug":"consulting","status":"publish","type":"page","link":"https:\/\/smatterconsulting.ch\/de\/consulting\/","title":{"rendered":"Consulting"},"content":{"rendered":"\n<p>Wir beraten Sie umfassend bei risikoreichen Eins\u00e4tzen, wie z.B. bei Fl\u00fcgen \u00fcber Menschenansammlungen, sowie beim Schutz sensibler Standorte und begleiten den Genehmigungsprozess mit den Beh\u00f6rden und die Umsetzung. Unsere Experten beraten und unterst\u00fctzen den Kunden auch in bautechnischen Fragen, indem sie eine genaue Analyse der Vorg\u00e4nge und eine kompetente Beratung gew\u00e4hrleisten.<\/p>\n","protected":false},"excerpt":{"rendered":"<p>Wir beraten Sie umfassend bei risikoreichen Eins\u00e4tzen, wie z.B. bei Fl\u00fcgen \u00fcber Menschenansammlungen, sowie beim Schutz sensibler Standorte und begleiten den Genehmigungsprozess mit den Beh\u00f6rden und die Umsetzung. Unsere Experten &#8230;<\/p>\n","protected":false},"author":1,"featured_media":0,"parent":0,"menu_order":0,"comment_status":"closed","ping_status":"closed","template":"","meta":{"footnotes":""},"class_list":["post-923","page","type-page","status-publish","hentry"],"jetpack_sharing_enabled":true,"_links":{"self":[{"href":"https:\/\/smatterconsulting.ch\/de\/wp-json\/wp\/v2\/pages\/923","targetHints":{"allow":["GET"]}}],"collection":[{"href":"https:\/\/smatterconsulting.ch\/de\/wp-json\/wp\/v2\/pages"}],"about":[{"href":"https:\/\/smatterconsulting.ch\/de\/wp-json\/wp\/v2\/types\/page"}],"author":[{"embeddable":true,"href":"https:\/\/smatterconsulting.ch\/de\/wp-json\/wp\/v2\/users\/1"}],"replies":[{"embeddable":true,"href":"https:\/\/smatterconsulting.ch\/de\/wp-json\/wp\/v2\/comments?post=923"}],"version-history":[{"count":1,"href":"https:\/\/smatterconsulting.ch\/de\/wp-json\/wp\/v2\/pages\/923\/revisions"}],"predecessor-version":[{"id":928,"href":"https:\/\/smatterconsulting.ch\/de\/wp-json\/wp\/v2\/pages\/923\/revisions\/928"}],"wp:attachment":[{"href":"https:\/\/smatterconsulting.ch\/de\/wp-json\/wp\/v2\/media?parent=923"}],"curies":[{"name":"wp","href":"https:\/\/api.w.org\/{rel}","templated":true}]}}